{"id":9,"date":"2016-04-13T01:41:19","date_gmt":"2016-04-13T01:41:19","guid":{"rendered":"http:\/\/fumigacionesangel.com\/?page_id=9"},"modified":"2023-04-24T09:45:46","modified_gmt":"2023-04-24T14:45:46","slug":"contactenos","status":"publish","type":"page","link":"https:\/\/angel.fumigaciones.com.co\/?page_id=9","title":{"rendered":"Cont\u00e1ctenos"},"content":{"rendered":"<ul>\n<li><img loading=\"lazy\" decoding=\"async\" class=\"alignnone wp-image-45 size-large\" src=\"http:\/\/angel.fumigaciones.com.co\/wp-content\/uploads\/2022\/06\/contactenos-1024x318.jpg\" alt=\"\" width=\"1024\" height=\"318\" srcset=\"https:\/\/angel.fumigaciones.com.co\/wp-content\/uploads\/2022\/06\/contactenos-1024x318.jpg 1024w, https:\/\/angel.fumigaciones.com.co\/wp-content\/uploads\/2022\/06\/contactenos-300x93.jpg 300w, https:\/\/angel.fumigaciones.com.co\/wp-content\/uploads\/2022\/06\/contactenos-768x238.jpg 768w, https:\/\/angel.fumigaciones.com.co\/wp-content\/uploads\/2022\/06\/contactenos-1536x477.jpg 1536w, https:\/\/angel.fumigaciones.com.co\/wp-content\/uploads\/2022\/06\/contactenos-750x233.jpg 750w, https:\/\/angel.fumigaciones.com.co\/wp-content\/uploads\/2022\/06\/contactenos.jpg 1920w\" sizes=\"auto, (max-width: 1024px) 100vw, 1024px\" \/>Diagonal \u00a031B # 24 A 19 SUR Bogot\u00e1<\/li>\n<\/ul>\n<p>Ll\u00e1menos o escr\u00edbanos a los siguientes n\u00fameros:<\/p>\n<h3><a href=\"tel:3103334353\">3103334353<\/a><\/h3>\n","protected":false},"excerpt":{"rendered":"<p>Diagonal \u00a031B # 24 A 19 SUR Bogot\u00e1 Ll\u00e1menos o escr\u00edbanos a los siguientes n\u00fameros: 3103334353<\/p>\n","protected":false},"author":1,"featured_media":0,"parent":0,"menu_order":0,"comment_status":"closed","ping_status":"closed","template":"page_fullwidth.php","meta":{"footnotes":""},"class_list":["post-9","page","type-page","status-publish","hentry"],"_links":{"self":[{"href":"https:\/\/angel.fumigaciones.com.co\/index.php?rest_route=\/wp\/v2\/pages\/9","targetHints":{"allow":["GET"]}}],"collection":[{"href":"https:\/\/angel.fumigaciones.com.co\/index.php?rest_route=\/wp\/v2\/pages"}],"about":[{"href":"https:\/\/angel.fumigaciones.com.co\/index.php?rest_route=\/wp\/v2\/types\/page"}],"author":[{"embeddable":true,"href":"https:\/\/angel.fumigaciones.com.co\/index.php?rest_route=\/wp\/v2\/users\/1"}],"replies":[{"embeddable":true,"href":"https:\/\/angel.fumigaciones.com.co\/index.php?rest_route=%2Fwp%2Fv2%2Fcomments&post=9"}],"version-history":[{"count":5,"href":"https:\/\/angel.fumigaciones.com.co\/index.php?rest_route=\/wp\/v2\/pages\/9\/revisions"}],"predecessor-version":[{"id":54,"href":"https:\/\/angel.fumigaciones.com.co\/index.php?rest_route=\/wp\/v2\/pages\/9\/revisions\/54"}],"wp:attachment":[{"href":"https:\/\/angel.fumigaciones.com.co\/index.php?rest_route=%2Fwp%2Fv2%2Fmedia&parent=9"}],"curies":[{"name":"wp","href":"https:\/\/api.w.org\/{rel}","templated":true}]}}