{"id":7,"date":"2016-04-13T01:37:06","date_gmt":"2016-04-13T01:37:06","guid":{"rendered":"http:\/\/fumigacionesangel.com\/?page_id=7"},"modified":"2022-06-30T17:30:33","modified_gmt":"2022-06-30T22:30:33","slug":"servicios","status":"publish","type":"page","link":"https:\/\/angel.fumigaciones.com.co\/?page_id=7","title":{"rendered":"Servicios"},"content":{"rendered":"<p><strong>*FUMIGACIONES (Control Integrado de Plagas)<br \/>\n<\/strong><\/p>\n<p><img loading=\"lazy\" decoding=\"async\" class=\"size-medium wp-image-43 alignleft\" src=\"http:\/\/angel.fumigaciones.com.co\/wp-content\/uploads\/2022\/06\/pest_cotrol-300x292.jpg\" alt=\"\" width=\"300\" height=\"292\" srcset=\"https:\/\/angel.fumigaciones.com.co\/wp-content\/uploads\/2022\/06\/pest_cotrol-300x292.jpg 300w, https:\/\/angel.fumigaciones.com.co\/wp-content\/uploads\/2022\/06\/pest_cotrol.jpg 612w\" sizes=\"auto, (max-width: 300px) 100vw, 300px\" \/><\/p>\n<p><strong>\u00a0<\/strong><\/p>\n<p>Control Integrado de todo tipo de plagas, fumigamos con productos de ecol\u00f3gicos y de alta calidad.<\/p>\n<p>Fumigamos cucarachas, hormigas, pulgas, termitas, ratas y ratones, zancudos.Ofrecemos un servicio profesional 24\/7 en Bogot\u00e1 y alredeores<\/p>\n<p><strong>*LAVADO DE TANQUES<\/strong><\/p>\n<p>Lavado y Desinfecci\u00f3n t\u00e9cnica de tanques de agua elevados y subterr\u00e1neos del sector empresarial y residencial.<\/p>\n<p><img loading=\"lazy\" decoding=\"async\" class=\"\" src=\"http:\/\/www.ar.all.biz\/img\/ar\/catalog\/8527.jpeg\" alt=\"\" width=\"369\" height=\"230\" \/>\u00a0<img loading=\"lazy\" decoding=\"async\" class=\"\" src=\"https:\/\/encrypted-tbn0.gstatic.com\/images?q=tbn:ANd9GcTdt0iTuUfbxPvKIL47lFDXSchYKDYZ7rV_cgsuP-_PlacHS3nVKA\" alt=\"\" width=\"376\" height=\"211\" \/><\/p>\n","protected":false},"excerpt":{"rendered":"<p>*FUMIGACIONES (Control Integrado de Plagas) \u00a0 Control Integrado de todo tipo de plagas, fumigamos con productos de ecol\u00f3gicos y de alta calidad. Fumigamos cucarachas, hormigas, pulgas, termitas, ratas y ratones, zancudos.Ofrecemos un servicio profesional 24\/7 en Bogot\u00e1 y alredeores *LAVADO DE TANQUES Lavado y Desinfecci\u00f3n t\u00e9cnica de tanques de agua elevados y subterr\u00e1neos del sector [&hellip;]<\/p>\n","protected":false},"author":1,"featured_media":0,"parent":0,"menu_order":0,"comment_status":"closed","ping_status":"closed","template":"page_fullwidth.php","meta":{"footnotes":""},"class_list":["post-7","page","type-page","status-publish","hentry"],"_links":{"self":[{"href":"https:\/\/angel.fumigaciones.com.co\/index.php?rest_route=\/wp\/v2\/pages\/7","targetHints":{"allow":["GET"]}}],"collection":[{"href":"https:\/\/angel.fumigaciones.com.co\/index.php?rest_route=\/wp\/v2\/pages"}],"about":[{"href":"https:\/\/angel.fumigaciones.com.co\/index.php?rest_route=\/wp\/v2\/types\/page"}],"author":[{"embeddable":true,"href":"https:\/\/angel.fumigaciones.com.co\/index.php?rest_route=\/wp\/v2\/users\/1"}],"replies":[{"embeddable":true,"href":"https:\/\/angel.fumigaciones.com.co\/index.php?rest_route=%2Fwp%2Fv2%2Fcomments&post=7"}],"version-history":[{"count":4,"href":"https:\/\/angel.fumigaciones.com.co\/index.php?rest_route=\/wp\/v2\/pages\/7\/revisions"}],"predecessor-version":[{"id":44,"href":"https:\/\/angel.fumigaciones.com.co\/index.php?rest_route=\/wp\/v2\/pages\/7\/revisions\/44"}],"wp:attachment":[{"href":"https:\/\/angel.fumigaciones.com.co\/index.php?rest_route=%2Fwp%2Fv2%2Fmedia&parent=7"}],"curies":[{"name":"wp","href":"https:\/\/api.w.org\/{rel}","templated":true}]}}